{"id":20221,"date":"2023-05-22T14:46:11","date_gmt":"2023-05-22T14:46:11","guid":{"rendered":"https:\/\/oonay.com\/?page_id=20221"},"modified":"2023-05-22T14:46:41","modified_gmt":"2023-05-22T14:46:41","slug":"elementor-20221","status":"publish","type":"page","link":"https:\/\/oonay.com\/fr\/elementor-20221","title":{"rendered":"THANK YOU PAGE CMO EBOOK"},"content":{"rendered":"\t\t<div data-elementor-type=\"wp-post\" data-elementor-id=\"20221\" class=\"elementor elementor-20221\" data-elementor-post-type=\"page\">\n\t\t\t\t<div class=\"elementor-element elementor-element-42a497de e-flex e-con-boxed e-con e-parent\" data-id=\"42a497de\" data-element_type=\"container\" data-settings=\"{&quot;jet_parallax_layout_list&quot;:[]}\">\n\t\t\t\t\t<div class=\"e-con-inner\">\n\t\t<div class=\"elementor-element elementor-element-261c4d41 e-con-full e-flex e-con e-parent\" data-id=\"261c4d41\" data-element_type=\"container\" data-settings=\"{&quot;background_background&quot;:&quot;classic&quot;,&quot;jet_parallax_layout_list&quot;:[]}\">\n\t\t\t\t<div class=\"elementor-element elementor-element-337ebd7 elementor-widget elementor-widget-text-editor\" data-id=\"337ebd7\" data-element_type=\"widget\" data-widget_type=\"text-editor.default\">\n\t\t\t\t<div class=\"elementor-widget-container\">\n\t\t\t\t\t\t\t\t\t<h4><strong><span style=\"font-family: var( --e-global-typography-text-font-family ), Sans-serif; text-align: var(--text-align); color: var( --e-global-color-173ec7a );\">Merci d&rsquo;avoir t\u00e9l\u00e9charg\u00e9 notre CMO Playbook 2023 !\u00a0<\/span><br \/><\/strong><\/h4><div><strong><span style=\"font-family: var( --e-global-typography-text-font-family ), Sans-serif; text-align: var(--text-align); color: var( --e-global-color-173ec7a );\">\u00a0<\/span><\/strong><\/div><h5>Vous y trouverez de quoi nourrir votre r\u00e9flexion pour :<\/h5><ul><li><h5>Optimiser votre cr\u00e9ation de contenus<\/h5><\/li><li><h5>Choisir vos canaux d&rsquo;amplification<\/h5><\/li><li><h5>Mieux mesurer vos actions digitales<\/h5><\/li><\/ul><p>\u00a0<\/p><h4><strong><span style=\"font-family: var( --e-global-typography-text-font-family ), Sans-serif; text-align: var(--text-align); color: var( --e-global-color-173ec7a );\">Bonne lecture !<\/span><\/strong><\/h4>\t\t\t\t\t\t\t\t<\/div>\n\t\t\t\t<\/div>\n\t\t\t\t<\/div>\n\t\t\t\t<div class=\"elementor-element elementor-element-34d56ef elementor-widget__width-initial elementor-widget elementor-widget-image\" data-id=\"34d56ef\" data-element_type=\"widget\" data-widget_type=\"image.default\">\n\t\t\t\t<div class=\"elementor-widget-container\">\n\t\t\t\t\t\t\t\t\t\t\t\t\t\t\t<img fetchpriority=\"high\" decoding=\"async\" width=\"800\" height=\"723\" src=\"https:\/\/oonay.com\/wp-content\/uploads\/2023\/05\/Frame-15-1-1024x925.png\" class=\"attachment-large size-large wp-image-20568\" alt=\"\" srcset=\"https:\/\/oonay.com\/wp-content\/uploads\/2023\/05\/Frame-15-1-1024x925.png 1024w, https:\/\/oonay.com\/wp-content\/uploads\/2023\/05\/Frame-15-1-300x271.png 300w, https:\/\/oonay.com\/wp-content\/uploads\/2023\/05\/Frame-15-1-768x693.png 768w, https:\/\/oonay.com\/wp-content\/uploads\/2023\/05\/Frame-15-1.png 1297w\" sizes=\"(max-width: 800px) 100vw, 800px\" \/>\t\t\t\t\t\t\t\t\t\t\t\t\t\t\t<\/div>\n\t\t\t\t<\/div>\n\t\t\t\t\t<\/div>\n\t\t\t\t<\/div>\n\t\t<div class=\"elementor-element elementor-element-a1afd97 e-flex e-con-boxed e-con e-parent\" data-id=\"a1afd97\" data-element_type=\"container\" data-settings=\"{&quot;background_background&quot;:&quot;classic&quot;,&quot;jet_parallax_layout_list&quot;:[]}\">\n\t\t\t\t\t<div class=\"e-con-inner\">\n\t\t\t\t<div class=\"elementor-element elementor-element-bad6d1f elementor-align-center elementor-button-info elementor-widget elementor-widget-button\" data-id=\"bad6d1f\" data-element_type=\"widget\" data-widget_type=\"button.default\">\n\t\t\t\t<div class=\"elementor-widget-container\">\n\t\t\t\t\t\t\t\t\t<div class=\"elementor-button-wrapper\">\n\t\t\t\t\t<a class=\"elementor-button elementor-button-link elementor-size-lg\" href=\"https:\/\/oonay.com\/wp-content\/uploads\/2023\/05\/CMO-Ebook-OONAY-FR.pdf\" target=\"_blank\">\n\t\t\t\t\t\t<span class=\"elementor-button-content-wrapper\">\n\t\t\t\t\t\t\t\t\t<span class=\"elementor-button-text\">Consulter l'ebook<\/span>\n\t\t\t\t\t<\/span>\n\t\t\t\t\t<\/a>\n\t\t\t\t<\/div>\n\t\t\t\t\t\t\t\t<\/div>\n\t\t\t\t<\/div>\n\t\t\t\t\t<\/div>\n\t\t\t\t<\/div>\n\t\t\t\t<\/div>\n\t\t","protected":false},"excerpt":{"rendered":"<p>Merci d&rsquo;avoir t\u00e9l\u00e9charg\u00e9 notre CMO Playbook 2023 !\u00a0 \u00a0 Vous y trouverez de quoi nourrir votre r\u00e9flexion pour : Optimiser votre cr\u00e9ation de contenus Choisir vos canaux d&rsquo;amplification Mieux mesurer vos actions digitales \u00a0 Bonne lecture ! Consulter l&rsquo;ebook<\/p>\n","protected":false},"author":3,"featured_media":0,"parent":0,"menu_order":0,"comment_status":"closed","ping_status":"closed","template":"","meta":{"content-type":"","footnotes":""},"class_list":["post-20221","page","type-page","status-publish","hentry"],"yoast_head":"<!-- This site is optimized with the Yoast SEO plugin v26.3 - https:\/\/yoast.com\/wordpress\/plugins\/seo\/ -->\n<title>THANK YOU PAGE CMO EBOOK - Oonay<\/title>\n<meta name=\"robots\" content=\"index, follow, max-snippet:-1, max-image-preview:large, max-video-preview:-1\" \/>\n<link rel=\"canonical\" href=\"https:\/\/oonay.com\/fr\/elementor-20221\" \/>\n<meta property=\"og:locale\" content=\"fr_FR\" \/>\n<meta property=\"og:type\" content=\"article\" \/>\n<meta property=\"og:title\" content=\"THANK YOU PAGE CMO EBOOK - Oonay\" \/>\n<meta property=\"og:description\" content=\"Merci d&rsquo;avoir t\u00e9l\u00e9charg\u00e9 notre CMO Playbook 2023 !\u00a0 \u00a0 Vous y trouverez de quoi nourrir votre r\u00e9flexion pour : Optimiser votre cr\u00e9ation de contenus Choisir vos canaux d&rsquo;amplification Mieux mesurer vos actions digitales \u00a0 Bonne lecture ! Consulter l&rsquo;ebook\" \/>\n<meta property=\"og:url\" content=\"https:\/\/oonay.com\/fr\/elementor-20221\" \/>\n<meta property=\"og:site_name\" content=\"Oonay\" \/>\n<meta property=\"article:modified_time\" content=\"2023-05-22T14:46:41+00:00\" \/>\n<meta property=\"og:image\" content=\"https:\/\/oonay.com\/wp-content\/uploads\/2023\/05\/Frame-15-1-1024x925.png\" \/>\n<meta name=\"twitter:card\" content=\"summary_large_image\" \/>\n<meta name=\"twitter:label1\" content=\"Dur\u00e9e de lecture estim\u00e9e\" \/>\n\t<meta name=\"twitter:data1\" content=\"1 minute\" \/>\n<script type=\"application\/ld+json\" class=\"yoast-schema-graph\">{\"@context\":\"https:\/\/schema.org\",\"@graph\":[{\"@type\":\"WebPage\",\"@id\":\"https:\/\/oonay.com\/fr\/elementor-20221\",\"url\":\"https:\/\/oonay.com\/fr\/elementor-20221\",\"name\":\"THANK YOU PAGE CMO EBOOK - Oonay\",\"isPartOf\":{\"@id\":\"https:\/\/oonay.com\/fr\/#website\"},\"primaryImageOfPage\":{\"@id\":\"https:\/\/oonay.com\/fr\/elementor-20221#primaryimage\"},\"image\":{\"@id\":\"https:\/\/oonay.com\/fr\/elementor-20221#primaryimage\"},\"thumbnailUrl\":\"https:\/\/oonay.com\/wp-content\/uploads\/2023\/05\/Frame-15-1-1024x925.png\",\"datePublished\":\"2023-05-22T14:46:11+00:00\",\"dateModified\":\"2023-05-22T14:46:41+00:00\",\"breadcrumb\":{\"@id\":\"https:\/\/oonay.com\/fr\/elementor-20221#breadcrumb\"},\"inLanguage\":\"fr-FR\",\"potentialAction\":[{\"@type\":\"ReadAction\",\"target\":[\"https:\/\/oonay.com\/fr\/elementor-20221\"]}]},{\"@type\":\"ImageObject\",\"inLanguage\":\"fr-FR\",\"@id\":\"https:\/\/oonay.com\/fr\/elementor-20221#primaryimage\",\"url\":\"https:\/\/oonay.com\/wp-content\/uploads\/2023\/05\/Frame-15-1-1024x925.png\",\"contentUrl\":\"https:\/\/oonay.com\/wp-content\/uploads\/2023\/05\/Frame-15-1-1024x925.png\"},{\"@type\":\"BreadcrumbList\",\"@id\":\"https:\/\/oonay.com\/fr\/elementor-20221#breadcrumb\",\"itemListElement\":[{\"@type\":\"ListItem\",\"position\":1,\"name\":\"Accueil\",\"item\":\"https:\/\/oonay.com\/fr\"},{\"@type\":\"ListItem\",\"position\":2,\"name\":\"THANK YOU PAGE CMO EBOOK\"}]},{\"@type\":\"WebSite\",\"@id\":\"https:\/\/oonay.com\/fr\/#website\",\"url\":\"https:\/\/oonay.com\/fr\/\",\"name\":\"Oonay\",\"description\":\"\",\"publisher\":{\"@id\":\"https:\/\/oonay.com\/fr\/#organization\"},\"potentialAction\":[{\"@type\":\"SearchAction\",\"target\":{\"@type\":\"EntryPoint\",\"urlTemplate\":\"https:\/\/oonay.com\/fr\/?s={search_term_string}\"},\"query-input\":{\"@type\":\"PropertyValueSpecification\",\"valueRequired\":true,\"valueName\":\"search_term_string\"}}],\"inLanguage\":\"fr-FR\"},{\"@type\":\"Organization\",\"@id\":\"https:\/\/oonay.com\/fr\/#organization\",\"name\":\"Pozey\",\"url\":\"https:\/\/oonay.com\/fr\/\",\"logo\":{\"@type\":\"ImageObject\",\"inLanguage\":\"fr-FR\",\"@id\":\"https:\/\/oonay.com\/fr\/#\/schema\/logo\/image\/\",\"url\":\"https:\/\/oonay.com\/wp-content\/uploads\/2022\/11\/logo_rectangle.svg\",\"contentUrl\":\"https:\/\/oonay.com\/wp-content\/uploads\/2022\/11\/logo_rectangle.svg\",\"width\":382.33,\"height\":95.51,\"caption\":\"Pozey\"},\"image\":{\"@id\":\"https:\/\/oonay.com\/fr\/#\/schema\/logo\/image\/\"}}]}<\/script>\n<!-- \/ Yoast SEO plugin. -->","yoast_head_json":{"title":"THANK YOU PAGE CMO EBOOK - Oonay","robots":{"index":"index","follow":"follow","max-snippet":"max-snippet:-1","max-image-preview":"max-image-preview:large","max-video-preview":"max-video-preview:-1"},"canonical":"https:\/\/oonay.com\/fr\/elementor-20221","og_locale":"fr_FR","og_type":"article","og_title":"THANK YOU PAGE CMO EBOOK - Oonay","og_description":"Merci d&rsquo;avoir t\u00e9l\u00e9charg\u00e9 notre CMO Playbook 2023 !\u00a0 \u00a0 Vous y trouverez de quoi nourrir votre r\u00e9flexion pour : Optimiser votre cr\u00e9ation de contenus Choisir vos canaux d&rsquo;amplification Mieux mesurer vos actions digitales \u00a0 Bonne lecture ! Consulter l&rsquo;ebook","og_url":"https:\/\/oonay.com\/fr\/elementor-20221","og_site_name":"Oonay","article_modified_time":"2023-05-22T14:46:41+00:00","og_image":[{"url":"https:\/\/oonay.com\/wp-content\/uploads\/2023\/05\/Frame-15-1-1024x925.png","type":"","width":"","height":""}],"twitter_card":"summary_large_image","twitter_misc":{"Dur\u00e9e de lecture estim\u00e9e":"1 minute"},"schema":{"@context":"https:\/\/schema.org","@graph":[{"@type":"WebPage","@id":"https:\/\/oonay.com\/fr\/elementor-20221","url":"https:\/\/oonay.com\/fr\/elementor-20221","name":"THANK YOU PAGE CMO EBOOK - Oonay","isPartOf":{"@id":"https:\/\/oonay.com\/fr\/#website"},"primaryImageOfPage":{"@id":"https:\/\/oonay.com\/fr\/elementor-20221#primaryimage"},"image":{"@id":"https:\/\/oonay.com\/fr\/elementor-20221#primaryimage"},"thumbnailUrl":"https:\/\/oonay.com\/wp-content\/uploads\/2023\/05\/Frame-15-1-1024x925.png","datePublished":"2023-05-22T14:46:11+00:00","dateModified":"2023-05-22T14:46:41+00:00","breadcrumb":{"@id":"https:\/\/oonay.com\/fr\/elementor-20221#breadcrumb"},"inLanguage":"fr-FR","potentialAction":[{"@type":"ReadAction","target":["https:\/\/oonay.com\/fr\/elementor-20221"]}]},{"@type":"ImageObject","inLanguage":"fr-FR","@id":"https:\/\/oonay.com\/fr\/elementor-20221#primaryimage","url":"https:\/\/oonay.com\/wp-content\/uploads\/2023\/05\/Frame-15-1-1024x925.png","contentUrl":"https:\/\/oonay.com\/wp-content\/uploads\/2023\/05\/Frame-15-1-1024x925.png"},{"@type":"BreadcrumbList","@id":"https:\/\/oonay.com\/fr\/elementor-20221#breadcrumb","itemListElement":[{"@type":"ListItem","position":1,"name":"Accueil","item":"https:\/\/oonay.com\/fr"},{"@type":"ListItem","position":2,"name":"THANK YOU PAGE CMO EBOOK"}]},{"@type":"WebSite","@id":"https:\/\/oonay.com\/fr\/#website","url":"https:\/\/oonay.com\/fr\/","name":"Oonay","description":"","publisher":{"@id":"https:\/\/oonay.com\/fr\/#organization"},"potentialAction":[{"@type":"SearchAction","target":{"@type":"EntryPoint","urlTemplate":"https:\/\/oonay.com\/fr\/?s={search_term_string}"},"query-input":{"@type":"PropertyValueSpecification","valueRequired":true,"valueName":"search_term_string"}}],"inLanguage":"fr-FR"},{"@type":"Organization","@id":"https:\/\/oonay.com\/fr\/#organization","name":"Pozey","url":"https:\/\/oonay.com\/fr\/","logo":{"@type":"ImageObject","inLanguage":"fr-FR","@id":"https:\/\/oonay.com\/fr\/#\/schema\/logo\/image\/","url":"https:\/\/oonay.com\/wp-content\/uploads\/2022\/11\/logo_rectangle.svg","contentUrl":"https:\/\/oonay.com\/wp-content\/uploads\/2022\/11\/logo_rectangle.svg","width":382.33,"height":95.51,"caption":"Pozey"},"image":{"@id":"https:\/\/oonay.com\/fr\/#\/schema\/logo\/image\/"}}]}},"_links":{"self":[{"href":"https:\/\/oonay.com\/fr\/wp-json\/wp\/v2\/pages\/20221","targetHints":{"allow":["GET"]}}],"collection":[{"href":"https:\/\/oonay.com\/fr\/wp-json\/wp\/v2\/pages"}],"about":[{"href":"https:\/\/oonay.com\/fr\/wp-json\/wp\/v2\/types\/page"}],"author":[{"embeddable":true,"href":"https:\/\/oonay.com\/fr\/wp-json\/wp\/v2\/users\/3"}],"replies":[{"embeddable":true,"href":"https:\/\/oonay.com\/fr\/wp-json\/wp\/v2\/comments?post=20221"}],"version-history":[{"count":0,"href":"https:\/\/oonay.com\/fr\/wp-json\/wp\/v2\/pages\/20221\/revisions"}],"wp:attachment":[{"href":"https:\/\/oonay.com\/fr\/wp-json\/wp\/v2\/media?parent=20221"}],"curies":[{"name":"wp","href":"https:\/\/api.w.org\/{rel}","templated":true}]}}